{"id":20,"date":"2023-07-21T10:25:15","date_gmt":"2023-07-21T08:25:15","guid":{"rendered":"https:\/\/kravmagapourtous.com\/?page_id=20"},"modified":"2023-07-21T10:47:52","modified_gmt":"2023-07-21T08:47:52","slug":"qui-sommes-nous","status":"publish","type":"page","link":"https:\/\/kravmagapourtous.com\/","title":{"rendered":"Acceuil"},"content":{"rendered":"\n<p>Le club <strong>K<\/strong>rav <strong>M<\/strong>aga <strong>P<\/strong>our <strong>T<\/strong>ous est affili\u00e9 \u00e0 la <strong>F<\/strong>\u00e9d\u00e9ration <strong>E<\/strong>urop\u00e9enne de <strong>K<\/strong>rav <strong>M<\/strong>aga (FEKM) . Elle promeut et enseigne le Krav Maga bas\u00e9 sur les principes et techniques d\u00e9velopp\u00e9s par Imi Lichtenfeld<\/p>\n\n\n\n<ol class=\"wp-block-list\">\n<li>Qu&rsquo;est-ce que le Krav Maga ?<\/li>\n<\/ol>\n\n\n\n<p>Le Krav Maga est un syst\u00e8me de self-d\u00e9fense et de combat rapproch\u00e9 d\u00e9velopp\u00e9 en Isra\u00ebl dans les ann\u00e9es 1940. Il a \u00e9t\u00e9 con\u00e7u pour permettre \u00e0 quiconque, ind\u00e9pendamment de sa taille, de son sexe ou de son niveau de forme physique, de se d\u00e9fendre efficacement contre des agresseurs arm\u00e9s ou non.<\/p>\n\n\n\n<ol class=\"wp-block-list\" start=\"2\">\n<li>Origines de la FEKM :<\/li>\n<\/ol>\n\n\n\n<p>La F\u00e9d\u00e9ration Europ\u00e9enne de Krav Maga (FEKM) a \u00e9t\u00e9 fond\u00e9e par <strong><a href=\"https:\/\/kravmagapourtous.com\/index.php\/richard-douieb\/\" data-type=\"URL\" data-id=\"https:\/\/kravmagapourtous.com\/index.php\/richard-douieb\/\">Richard Douieb<\/a><\/strong>, un instructeur de Krav Maga de renomm\u00e9e internationale. La FEKM est l&rsquo;une des principales organisations mondiales d\u00e9di\u00e9es \u00e0 la promotion et \u00e0 l&rsquo;enseignement du Krav Maga. Elle est bas\u00e9e en Europe mais compte des affili\u00e9s et des instructeurs dans le monde entier.<\/p>\n\n\n\n<ol class=\"wp-block-list\" start=\"3\">\n<li>Valeurs et principes :<\/li>\n<\/ol>\n\n\n\n<p>La FEKM met l&rsquo;accent sur plusieurs valeurs fondamentales qui guident sa pratique du Krav Maga :<\/p>\n\n\n\n<ul class=\"wp-block-list\">\n<li>Efficacit\u00e9 : Le Krav Maga est con\u00e7u pour \u00eatre une m\u00e9thode de self-d\u00e9fense pratique et r\u00e9aliste, privil\u00e9giant les mouvements simples et intuitifs qui peuvent \u00eatre utilis\u00e9s sous stress.<\/li>\n\n\n\n<li>Respect : La FEKM pr\u00f4ne le respect mutuel entre les pratiquants et l&rsquo;importance de pratiquer le Krav Maga de mani\u00e8re responsable et \u00e9thique.<\/li>\n\n\n\n<li>Non-comp\u00e9tition : Contrairement aux arts martiaux traditionnels, le Krav Maga de la FEKM ne se concentre pas sur la comp\u00e9tition, mais plut\u00f4t sur la protection de soi et des autres.<\/li>\n<\/ul>\n\n\n\n<ol class=\"wp-block-list\" start=\"4\">\n<li>Enseignement et progression :<\/li>\n<\/ol>\n\n\n\n<p>La FEKM propose un syst\u00e8me de progression par ceintures qui permet aux pratiquants de suivre un parcours d&rsquo;apprentissage structur\u00e9. Les cours sont dispens\u00e9s par des instructeurs qualifi\u00e9s et exp\u00e9riment\u00e9s, qui se consacrent \u00e0 fournir un entra\u00eenement de qualit\u00e9 tout en assurant la s\u00e9curit\u00e9 des \u00e9l\u00e8ves.<\/p>\n\n\n\n<ol class=\"wp-block-list\" start=\"5\">\n<li>Adaptabilit\u00e9 :<\/li>\n<\/ol>\n\n\n\n<p>Une des forces du Krav Maga est sa capacit\u00e9 \u00e0 s&rsquo;adapter \u00e0 diff\u00e9rentes situations, que ce soit une agression de rue, une attaque \u00e0 main arm\u00e9e ou une d\u00e9fense contre plusieurs assaillants. Les techniques enseign\u00e9es par la FEKM sont con\u00e7ues pour \u00eatre utilis\u00e9es par des personnes de tous \u00e2ges et de tous niveaux d&rsquo;exp\u00e9rience.<\/p>\n\n\n\n<p>En conclusion, la F\u00e9d\u00e9ration Europ\u00e9enne de Krav Maga (FEKM) est un organisme respect\u00e9 et reconnu dans le domaine du Krav Maga, offrant des formations de self-d\u00e9fense efficaces et r\u00e9alistes. En rejoignant la FEKM, vous pourrez acqu\u00e9rir des comp\u00e9tences pratiques pour vous prot\u00e9ger ainsi que vos proches dans des situations potentiellement dangereuses.<\/p>\n","protected":false},"excerpt":{"rendered":"<p>Le club Krav Maga Pour Tous est affili\u00e9 \u00e0 la F\u00e9d\u00e9ration Europ\u00e9enne de Krav Maga (FEKM) . Elle promeut et enseigne le Krav Maga bas\u00e9 [&hellip;]<\/p>\n","protected":false},"author":1,"featured_media":0,"parent":0,"menu_order":0,"comment_status":"closed","ping_status":"closed","template":"","meta":{"footnotes":""},"class_list":["post-20","page","type-page","status-publish","hentry"],"_links":{"self":[{"href":"https:\/\/kravmagapourtous.com\/index.php\/wp-json\/wp\/v2\/pages\/20","targetHints":{"allow":["GET"]}}],"collection":[{"href":"https:\/\/kravmagapourtous.com\/index.php\/wp-json\/wp\/v2\/pages"}],"about":[{"href":"https:\/\/kravmagapourtous.com\/index.php\/wp-json\/wp\/v2\/types\/page"}],"author":[{"embeddable":true,"href":"https:\/\/kravmagapourtous.com\/index.php\/wp-json\/wp\/v2\/users\/1"}],"replies":[{"embeddable":true,"href":"https:\/\/kravmagapourtous.com\/index.php\/wp-json\/wp\/v2\/comments?post=20"}],"version-history":[{"count":3,"href":"https:\/\/kravmagapourtous.com\/index.php\/wp-json\/wp\/v2\/pages\/20\/revisions"}],"predecessor-version":[{"id":30,"href":"https:\/\/kravmagapourtous.com\/index.php\/wp-json\/wp\/v2\/pages\/20\/revisions\/30"}],"wp:attachment":[{"href":"https:\/\/kravmagapourtous.com\/index.php\/wp-json\/wp\/v2\/media?parent=20"}],"curies":[{"name":"wp","href":"https:\/\/api.w.org\/{rel}","templated":true}]}}