{"id":37,"date":"2023-08-31T14:20:59","date_gmt":"2023-08-31T12:20:59","guid":{"rendered":"http:\/\/kravmagapourtous.com\/?page_id=37"},"modified":"2025-09-11T09:11:09","modified_gmt":"2025-09-11T07:11:09","slug":"reservation-cours-dessai","status":"publish","type":"page","link":"https:\/\/kravmagapourtous.com\/index.php\/club-test\/reservation-cours-dessai\/","title":{"rendered":"Cours d&rsquo;essai"},"content":{"rendered":"\n<p>Vos Nom, pr\u00e9nom et email doivent \u00eatre r\u00e9els. Toute r\u00e9servation fantaisiste sera syst\u00e9matiquement refus\u00e9e.<\/p>\n\n\n\n<p><strong>Modalit\u00e9s cours d\u2019essai :<\/strong><\/p>\n\n\n\n<ul class=\"wp-block-list\">\n<li>Un cours d\u2019essai offert par personne.<\/li>\n\n\n\n<li>Etre \u00e2g\u00e9(e) au minimum de 16 ans r\u00e9volus<\/li>\n<\/ul>\n\n\n\n<p><strong>Pi\u00e8ces \u00e0 fournir pour les personnes mineures :<\/strong><\/p>\n\n\n\n<ul class=\"wp-block-list\">\n<li>attestation pour mineur<\/li>\n\n\n\n<li>questionnaire sant\u00e9 pour mineur<\/li>\n\n\n\n<li>fiche cours d&rsquo;essai<\/li>\n<\/ul>\n\n\n\n<p><strong>Pi\u00e8ces \u00e0 fournir pour les personnes majeures :<\/strong><\/p>\n\n\n\n<ul class=\"wp-block-list\">\n<li>questionnaire sant\u00e9 adulte<\/li>\n\n\n\n<li>fiche cours d&rsquo;essai<\/li>\n<\/ul>\n\n\n\n<p><strong>Attestation pour mineur <\/strong>:<\/p>\n\n\n\n<div data-wp-interactive=\"core\/file\" class=\"wp-block-file\"><object data-wp-bind--hidden=\"!state.hasPdfPreview\" hidden class=\"wp-block-file__embed\" data=\"https:\/\/kravmagapourtous.com\/wp-content\/uploads\/2025\/09\/Autorisation_parentale-attest.-mineur.pdf\" type=\"application\/pdf\" style=\"width:100%;height:600px\" aria-label=\"Contenu embarqu\u00e9 Autorisation_parentale+ attest. mineur.\"><\/object><a id=\"wp-block-file--media-ee6c4f3f-69b8-47ab-ac64-362ae6ac3b75\" href=\"https:\/\/kravmagapourtous.com\/wp-content\/uploads\/2025\/09\/Autorisation_parentale-attest.-mineur.pdf\">Autorisation_parentale+ attest. mineur<\/a><a href=\"https:\/\/kravmagapourtous.com\/wp-content\/uploads\/2025\/09\/Autorisation_parentale-attest.-mineur.pdf\" class=\"wp-block-file__button wp-element-button\" download aria-describedby=\"wp-block-file--media-ee6c4f3f-69b8-47ab-ac64-362ae6ac3b75\">T\u00e9l\u00e9charger<\/a><\/div>\n\n\n\n<p><\/p>\n\n\n\n<p><strong>Questionnaire sant\u00e9 pour les mineurs <\/strong>:<\/p>\n\n\n\n<div data-wp-interactive=\"core\/file\" class=\"wp-block-file\"><object data-wp-bind--hidden=\"!state.hasPdfPreview\" hidden class=\"wp-block-file__embed\" data=\"https:\/\/kravmagapourtous.com\/wp-content\/uploads\/2025\/09\/Questionnaire_sante_mineur.pdf\" type=\"application\/pdf\" style=\"width:100%;height:600px\" aria-label=\"Contenu embarqu\u00e9 Questionnaire_sante_mineur.\"><\/object><a id=\"wp-block-file--media-ec627799-ec19-4adf-a1a7-1e1ad9cece5a\" href=\"https:\/\/kravmagapourtous.com\/wp-content\/uploads\/2025\/09\/Questionnaire_sante_mineur.pdf\">Questionnaire_sante_mineur<\/a><a href=\"https:\/\/kravmagapourtous.com\/wp-content\/uploads\/2025\/09\/Questionnaire_sante_mineur.pdf\" class=\"wp-block-file__button wp-element-button\" download aria-describedby=\"wp-block-file--media-ec627799-ec19-4adf-a1a7-1e1ad9cece5a\">T\u00e9l\u00e9charger<\/a><\/div>\n\n\n\n<p><\/p>\n\n\n\n<p><strong>Formulaire cours d&rsquo;essai :<\/strong><\/p>\n\n\n\n<div data-wp-interactive=\"core\/file\" class=\"wp-block-file\"><object data-wp-bind--hidden=\"!state.hasPdfPreview\" hidden class=\"wp-block-file__embed\" data=\"https:\/\/kravmagapourtous.com\/wp-content\/uploads\/2025\/09\/Attestation_cours_essai-1.pdf\" type=\"application\/pdf\" style=\"width:100%;height:600px\" aria-label=\"Contenu embarqu\u00e9 Attestation_cours_essai.\"><\/object><a id=\"wp-block-file--media-8c7453d7-a3b8-4c4d-a183-a051722bd339\" href=\"https:\/\/kravmagapourtous.com\/wp-content\/uploads\/2025\/09\/Attestation_cours_essai-1.pdf\">Attestation_cours_essai<\/a><a href=\"https:\/\/kravmagapourtous.com\/wp-content\/uploads\/2025\/09\/Attestation_cours_essai-1.pdf\" class=\"wp-block-file__button wp-element-button\" download aria-describedby=\"wp-block-file--media-8c7453d7-a3b8-4c4d-a183-a051722bd339\">T\u00e9l\u00e9charger<\/a><\/div>\n\n\n\n<p><\/p>\n\n\n\n<p><strong>Questionnaire sant\u00e9 adulte :<\/strong><\/p>\n\n\n\n<div data-wp-interactive=\"core\/file\" class=\"wp-block-file\"><object data-wp-bind--hidden=\"!state.hasPdfPreview\" hidden class=\"wp-block-file__embed\" data=\"https:\/\/kravmagapourtous.com\/wp-content\/uploads\/2025\/09\/Questionnaire_sante.pdf\" type=\"application\/pdf\" style=\"width:100%;height:600px\" aria-label=\"Contenu embarqu\u00e9 Questionnaire_sant\u00e9.\"><\/object><a id=\"wp-block-file--media-9035b748-ef3c-4bb5-a17f-808f93a81b0d\" href=\"https:\/\/kravmagapourtous.com\/wp-content\/uploads\/2025\/09\/Questionnaire_sante.pdf\">Questionnaire_sant\u00e9<\/a><a href=\"https:\/\/kravmagapourtous.com\/wp-content\/uploads\/2025\/09\/Questionnaire_sante.pdf\" class=\"wp-block-file__button wp-element-button\" download aria-describedby=\"wp-block-file--media-9035b748-ef3c-4bb5-a17f-808f93a81b0d\">T\u00e9l\u00e9charger<\/a><\/div>\n","protected":false},"excerpt":{"rendered":"<p>Vos Nom, pr\u00e9nom et email doivent \u00eatre r\u00e9els. Toute r\u00e9servation fantaisiste sera syst\u00e9matiquement refus\u00e9e. Modalit\u00e9s cours d\u2019essai : Pi\u00e8ces \u00e0 fournir pour les personnes mineures [&hellip;]<\/p>\n","protected":false},"author":1,"featured_media":0,"parent":113,"menu_order":0,"comment_status":"closed","ping_status":"closed","template":"","meta":{"footnotes":""},"class_list":["post-37","page","type-page","status-publish","hentry"],"_links":{"self":[{"href":"https:\/\/kravmagapourtous.com\/index.php\/wp-json\/wp\/v2\/pages\/37","targetHints":{"allow":["GET"]}}],"collection":[{"href":"https:\/\/kravmagapourtous.com\/index.php\/wp-json\/wp\/v2\/pages"}],"about":[{"href":"https:\/\/kravmagapourtous.com\/index.php\/wp-json\/wp\/v2\/types\/page"}],"author":[{"embeddable":true,"href":"https:\/\/kravmagapourtous.com\/index.php\/wp-json\/wp\/v2\/users\/1"}],"replies":[{"embeddable":true,"href":"https:\/\/kravmagapourtous.com\/index.php\/wp-json\/wp\/v2\/comments?post=37"}],"version-history":[{"count":15,"href":"https:\/\/kravmagapourtous.com\/index.php\/wp-json\/wp\/v2\/pages\/37\/revisions"}],"predecessor-version":[{"id":201,"href":"https:\/\/kravmagapourtous.com\/index.php\/wp-json\/wp\/v2\/pages\/37\/revisions\/201"}],"up":[{"embeddable":true,"href":"https:\/\/kravmagapourtous.com\/index.php\/wp-json\/wp\/v2\/pages\/113"}],"wp:attachment":[{"href":"https:\/\/kravmagapourtous.com\/index.php\/wp-json\/wp\/v2\/media?parent=37"}],"curies":[{"name":"wp","href":"https:\/\/api.w.org\/{rel}","templated":true}]}}