{"id":47,"date":"2023-08-29T11:07:31","date_gmt":"2023-08-29T09:07:31","guid":{"rendered":"http:\/\/kravmagapourtous.com\/?page_id=47"},"modified":"2025-10-20T10:02:27","modified_gmt":"2025-10-20T08:02:27","slug":"information-demarrage-des-cours","status":"publish","type":"page","link":"https:\/\/kravmagapourtous.com\/index.php\/information-demarrage-des-cours\/","title":{"rendered":"News"},"content":{"rendered":"\n<p><mark style=\"background-color:rgba(0, 0, 0, 0)\" class=\"has-inline-color has-vivid-red-color\">Le d\u00e9marrage des cours aura lieu le lundi <strong>8 Septembre 2025<\/strong>.<\/mark><\/p>\n\n\n\n<p>Pour assister aux cours vous devez remplir la fiche cours d&rsquo;essai disponible <a href=\"https:\/\/kravmagapourtous.com\/index.php\/reservation-cours-dessai\/\" data-type=\"link\" data-id=\"https:\/\/kravmagapourtous.com\/index.php\/reservation-cours-dessai\/\">ici<\/a>. <\/p>\n\n\n\n<p>Elle devra \u00eatre remplie et sign\u00e9e et sera remise le jour J.<\/p>\n\n\n\n<p>La tenue est la suivante pour les \u00e9l\u00e8ves non licenci\u00e9s (les licenci\u00e9s vous devez venir en tenue) :<\/p>\n\n\n\n<ul class=\"wp-block-list\">\n<li>Baskets propres (<strong>\u00e0 usage int\u00e9rieur uniquement<\/strong>).<\/li>\n\n\n\n<li>Bas de jogging ou autre pantalon de sport<\/li>\n\n\n\n<li>Tee-shirt<\/li>\n\n\n\n<li>Une bouteille d&rsquo;eau<\/li>\n\n\n\n<li>Pensez a enlever vos bijoux<\/li>\n<\/ul>\n\n\n\n<p><strong>Stage d&rsquo;hiver FEKM-RD 2025-2026<\/strong><\/p>\n\n\n\n<figure class=\"wp-block-image size-large\"><img loading=\"lazy\" decoding=\"async\" width=\"1024\" height=\"650\" src=\"https:\/\/kravmagapourtous.com\/wp-content\/uploads\/2025\/10\/Stage-dhiver-1024x650.png\" alt=\"\" class=\"wp-image-218\" srcset=\"https:\/\/kravmagapourtous.com\/wp-content\/uploads\/2025\/10\/Stage-dhiver-1024x650.png 1024w, https:\/\/kravmagapourtous.com\/wp-content\/uploads\/2025\/10\/Stage-dhiver-300x191.png 300w, https:\/\/kravmagapourtous.com\/wp-content\/uploads\/2025\/10\/Stage-dhiver-768x488.png 768w, https:\/\/kravmagapourtous.com\/wp-content\/uploads\/2025\/10\/Stage-dhiver.png 1313w\" sizes=\"auto, (max-width: 1024px) 100vw, 1024px\" \/><\/figure>\n\n\n\n<p><\/p>\n","protected":false},"excerpt":{"rendered":"<p>Le d\u00e9marrage des cours aura lieu le lundi 8 Septembre 2025. Pour assister aux cours vous devez remplir la fiche cours d&rsquo;essai disponible ici. Elle [&hellip;]<\/p>\n","protected":false},"author":1,"featured_media":0,"parent":0,"menu_order":0,"comment_status":"closed","ping_status":"closed","template":"","meta":{"footnotes":""},"class_list":["post-47","page","type-page","status-publish","hentry"],"_links":{"self":[{"href":"https:\/\/kravmagapourtous.com\/index.php\/wp-json\/wp\/v2\/pages\/47","targetHints":{"allow":["GET"]}}],"collection":[{"href":"https:\/\/kravmagapourtous.com\/index.php\/wp-json\/wp\/v2\/pages"}],"about":[{"href":"https:\/\/kravmagapourtous.com\/index.php\/wp-json\/wp\/v2\/types\/page"}],"author":[{"embeddable":true,"href":"https:\/\/kravmagapourtous.com\/index.php\/wp-json\/wp\/v2\/users\/1"}],"replies":[{"embeddable":true,"href":"https:\/\/kravmagapourtous.com\/index.php\/wp-json\/wp\/v2\/comments?post=47"}],"version-history":[{"count":10,"href":"https:\/\/kravmagapourtous.com\/index.php\/wp-json\/wp\/v2\/pages\/47\/revisions"}],"predecessor-version":[{"id":219,"href":"https:\/\/kravmagapourtous.com\/index.php\/wp-json\/wp\/v2\/pages\/47\/revisions\/219"}],"wp:attachment":[{"href":"https:\/\/kravmagapourtous.com\/index.php\/wp-json\/wp\/v2\/media?parent=47"}],"curies":[{"name":"wp","href":"https:\/\/api.w.org\/{rel}","templated":true}]}}